{"id":2399,"date":"2024-01-23T09:57:01","date_gmt":"2024-01-23T09:57:01","guid":{"rendered":"https:\/\/daunou-opera.com\/contact\/"},"modified":"2024-02-22T08:26:59","modified_gmt":"2024-02-22T08:26:59","slug":"contact","status":"publish","type":"page","link":"https:\/\/daunou-opera.com\/fr\/contact\/","title":{"rendered":"Contact"},"content":{"rendered":"\t\t<div data-elementor-type=\"wp-page\" data-elementor-id=\"2399\" class=\"elementor elementor-2399 elementor-285\" data-elementor-post-type=\"page\">\n\t\t\t\t<div class=\"elementor-element elementor-element-9a405ff e-flex e-con-boxed e-con e-parent\" data-id=\"9a405ff\" data-element_type=\"container\" data-settings=\"{&quot;background_background&quot;:&quot;classic&quot;}\">\n\t\t\t\t\t<div class=\"e-con-inner\">\n\t\t\t\t<div class=\"elementor-element elementor-element-f92e677 elementor-widget__width-initial animated-slow elementor-invisible elementor-widget elementor-widget-heading\" data-id=\"f92e677\" data-element_type=\"widget\" data-settings=\"{&quot;_animation&quot;:&quot;fadeIn&quot;}\" data-widget_type=\"heading.default\">\n\t\t\t\t\t<h1 class=\"elementor-heading-title elementor-size-default\">Contactez-nous<\/h1>\t\t\t\t<\/div>\n\t\t\t\t<div class=\"elementor-element elementor-element-67e0c98 elementor-widget__width-initial animated-slow elementor-invisible elementor-widget elementor-widget-text-editor\" data-id=\"67e0c98\" data-element_type=\"widget\" data-settings=\"{&quot;_animation&quot;:&quot;fadeInUp&quot;,&quot;_animation_delay&quot;:400}\" data-widget_type=\"text-editor.default\">\n\t\t\t\t\t\t\t\t\t<p>Notre \u00e9quipe est \u00e0 votre disposition pour r\u00e9pondre \u00e0 toutes vos questions et vous aider \u00e0 organiser votre s\u00e9jour.<\/p>\n\t\t\t\t\t\t\t\t<\/div>\n\t\t\t\t\t<\/div>\n\t\t\t\t<\/div>\n\t\t<div class=\"elementor-element elementor-element-b2fec91 e-flex e-con-boxed e-con e-parent\" data-id=\"b2fec91\" data-element_type=\"container\" data-settings=\"{&quot;background_background&quot;:&quot;classic&quot;}\">\n\t\t\t\t\t<div class=\"e-con-inner\">\n\t\t<div class=\"elementor-element elementor-element-b4131a1 e-con-full e-flex e-con e-child\" data-id=\"b4131a1\" data-element_type=\"container\">\n\t\t\t\t<div class=\"elementor-element elementor-element-eaf12eb elementor-widget elementor-widget-heading\" data-id=\"eaf12eb\" data-element_type=\"widget\" data-widget_type=\"heading.default\">\n\t\t\t\t\t<h3 class=\"elementor-heading-title elementor-size-default\">Contact<\/h3>\t\t\t\t<\/div>\n\t\t\t\t<div class=\"elementor-element elementor-element-15e259b elementor-mobile-align-left elementor-icon-list--layout-traditional elementor-list-item-link-full_width elementor-widget elementor-widget-icon-list\" data-id=\"15e259b\" data-element_type=\"widget\" data-widget_type=\"icon-list.default\">\n\t\t\t\t\t\t\t<ul class=\"elementor-icon-list-items\">\n\t\t\t\t\t\t\t<li class=\"elementor-icon-list-item\">\n\t\t\t\t\t\t\t\t\t\t\t<a href=\"https:\/\/www.google.com\/maps\/place\/Daunou+Op%C3%A9ra\/@48.8693859,2.3315323,19z\/data=!3m1!4b1!4m9!3m8!1s0x47e66e30f758ec9b:0xca429c072c3a4d73!5m2!4m1!1i2!8m2!3d48.869385!4d2.332176!16s%2Fg%2F1tgh28n9?entry=ttu\" target=\"_blank\">\n\n\t\t\t\t\t\t\t\t\t\t\t\t<span class=\"elementor-icon-list-icon\">\n\t\t\t\t\t\t\t<svg xmlns=\"http:\/\/www.w3.org\/2000\/svg\" xmlns:xlink=\"http:\/\/www.w3.org\/1999\/xlink\" id=\"Layer_1\" x=\"0px\" y=\"0px\" viewBox=\"0 0 53 50\" style=\"enable-background:new 0 0 53 50;\" xml:space=\"preserve\"><g>\t<path d=\"M26.1,21c-0.6,0-1.1,0.2-1.5,0.6C24.2,22,24,22.5,24,23s0.2,1,0.6,1.4c0.4,0.4,0.9,0.6,1.5,0.6s1.1-0.2,1.5-0.6  c0.4-0.4,0.6-0.9,0.6-1.4s-0.2-1-0.6-1.4C27.2,21.2,26.7,21,26.1,21z\"><\/path>\t<path d=\"M26.2,0C11.8,0,0,11.2,0,25s11.8,25,26.2,25s26.2-11.2,26.2-25S40.7,0,26.2,0z M32.4,28.6c-1.4,2-3.5,4.1-6.3,6.4  c-2.8-2.3-4.9-4.4-6.3-6.4c-1.4-2-2.1-3.8-2.1-5.4c0-2.5,0.8-4.5,2.5-6c1.7-1.5,3.6-2.2,5.9-2.2s4.2,0.7,5.9,2.2  c1.7,1.5,2.5,3.5,2.5,6C34.5,24.9,33.8,26.7,32.4,28.6z\"><\/path><\/g><\/svg>\t\t\t\t\t\t<\/span>\n\t\t\t\t\t\t\t\t\t\t<span class=\"elementor-icon-list-text\">H\u00f4tel Daunou Op\u00e9ra <br class=\"\u201da\u201d\">6 rue Daunou 75002 Paris<\/span>\n\t\t\t\t\t\t\t\t\t\t\t<\/a>\n\t\t\t\t\t\t\t\t\t<\/li>\n\t\t\t\t\t\t\t\t<li class=\"elementor-icon-list-item\">\n\t\t\t\t\t\t\t\t\t\t\t<a href=\"tel:+33142615782\">\n\n\t\t\t\t\t\t\t\t\t\t\t\t<span class=\"elementor-icon-list-icon\">\n\t\t\t\t\t\t\t<svg xmlns=\"http:\/\/www.w3.org\/2000\/svg\" xmlns:xlink=\"http:\/\/www.w3.org\/1999\/xlink\" id=\"Layer_1\" x=\"0px\" y=\"0px\" viewBox=\"0 0 53 50\" style=\"enable-background:new 0 0 53 50;\" xml:space=\"preserve\"><path d=\"M26.2,0C11.8,0,0,11.2,0,25s11.8,25,26.2,25s26.2-11.2,26.2-25S40.7,0,26.2,0z M35.6,33c0,0.3-0.1,0.5-0.3,0.8 C35,33.9,34.8,34,34.5,34c-2.2,0-4.3-0.5-6.5-1.4c-2.1-0.9-4.1-2.2-5.8-3.9c-1.8-1.7-3.1-3.5-4.1-5.6c-1-2-1.4-4.1-1.4-6.2 c0-0.3,0.1-0.5,0.3-0.8c0.2-0.2,0.5-0.3,0.8-0.3H22c0.2,0,0.5,0.1,0.7,0.2c0.2,0.2,0.3,0.3,0.3,0.6l0.7,3.5c0,0.3,0,0.5,0,0.7 c-0.1,0.2-0.1,0.3-0.3,0.5l-2.5,2.5c0.4,0.6,0.8,1.2,1.2,1.8c0.5,0.6,1,1.1,1.6,1.7c0.5,0.5,1.1,1,1.7,1.4c0.6,0.4,1.2,0.8,1.9,1.2 l2.5-2.3c0.2-0.2,0.4-0.3,0.6-0.3c0.3-0.1,0.5-0.1,0.7-0.1l3.6,0.7c0.2,0.1,0.4,0.2,0.6,0.4c0.2,0.2,0.2,0.4,0.2,0.6V33z\"><\/path><\/svg>\t\t\t\t\t\t<\/span>\n\t\t\t\t\t\t\t\t\t\t<span class=\"elementor-icon-list-text\">00 33 1 42 61 57 82<\/span>\n\t\t\t\t\t\t\t\t\t\t\t<\/a>\n\t\t\t\t\t\t\t\t\t<\/li>\n\t\t\t\t\t\t\t\t<li class=\"elementor-icon-list-item\">\n\t\t\t\t\t\t\t\t\t\t\t<a href=\"mailto:contact@daunou-opera.com\">\n\n\t\t\t\t\t\t\t\t\t\t\t\t<span class=\"elementor-icon-list-icon\">\n\t\t\t\t\t\t\t<svg xmlns=\"http:\/\/www.w3.org\/2000\/svg\" xmlns:xlink=\"http:\/\/www.w3.org\/1999\/xlink\" id=\"Layer_1\" x=\"0px\" y=\"0px\" viewBox=\"0 0 53 50\" style=\"enable-background:new 0 0 53 50;\" xml:space=\"preserve\"><g>\t<path d=\"M26.1,21c-0.6,0-1.1,0.2-1.5,0.6C24.2,22,24,22.5,24,23s0.2,1,0.6,1.4c0.4,0.4,0.9,0.6,1.5,0.6s1.1-0.2,1.5-0.6  c0.4-0.4,0.6-0.9,0.6-1.4s-0.2-1-0.6-1.4C27.2,21.2,26.7,21,26.1,21z\"><\/path>\t<path d=\"M26.2,0C11.8,0,0,11.2,0,25s11.8,25,26.2,25s26.2-11.2,26.2-25S40.7,0,26.2,0z M32.4,28.6c-1.4,2-3.5,4.1-6.3,6.4  c-2.8-2.3-4.9-4.4-6.3-6.4c-1.4-2-2.1-3.8-2.1-5.4c0-2.5,0.8-4.5,2.5-6c1.7-1.5,3.6-2.2,5.9-2.2s4.2,0.7,5.9,2.2  c1.7,1.5,2.5,3.5,2.5,6C34.5,24.9,33.8,26.7,32.4,28.6z\"><\/path><\/g><\/svg>\t\t\t\t\t\t<\/span>\n\t\t\t\t\t\t\t\t\t\t<span class=\"elementor-icon-list-text\">contact@daunou-opera.com<\/span>\n\t\t\t\t\t\t\t\t\t\t\t<\/a>\n\t\t\t\t\t\t\t\t\t<\/li>\n\t\t\t\t\t\t<\/ul>\n\t\t\t\t\t\t<\/div>\n\t\t\t\t<\/div>\n\t\t<div class=\"elementor-element elementor-element-dc24fc7 e-con-full e-flex e-con e-child\" data-id=\"dc24fc7\" data-element_type=\"container\">\n\t\t\t\t<div class=\"elementor-element elementor-element-356503e elementor-widget elementor-widget-heading\" data-id=\"356503e\" data-element_type=\"widget\" data-widget_type=\"heading.default\">\n\t\t\t\t\t<h3 class=\"elementor-heading-title elementor-size-default\">Formulaire de contact<\/h3>\t\t\t\t<\/div>\n\t\t\t\t<div class=\"elementor-element elementor-element-81a51c9 elementor-button-align-start contact-form elementor-widget elementor-widget-form\" data-id=\"81a51c9\" data-element_type=\"widget\" data-settings=\"{&quot;step_next_label&quot;:&quot;Suivant&quot;,&quot;step_previous_label&quot;:&quot;Pr\\u00e9c\\u00e9dent&quot;,&quot;button_width&quot;:&quot;100&quot;,&quot;step_type&quot;:&quot;number_text&quot;,&quot;step_icon_shape&quot;:&quot;circle&quot;}\" data-widget_type=\"form.default\">\n\t\t\t\t\t\t\t<form class=\"elementor-form\" method=\"post\" name=\"Nouveau formulaire\" aria-label=\"Nouveau formulaire\">\n\t\t\t<input type=\"hidden\" name=\"post_id\" value=\"2399\"\/>\n\t\t\t<input type=\"hidden\" name=\"form_id\" value=\"81a51c9\"\/>\n\t\t\t<input type=\"hidden\" name=\"referer_title\" value=\"\" \/>\n\n\t\t\t\n\t\t\t<div class=\"elementor-form-fields-wrapper elementor-labels-above\">\n\t\t\t\t\t\t\t\t<div class=\"elementor-field-type-text elementor-field-group elementor-column elementor-field-group-name elementor-col-100\">\n\t\t\t\t\t\t\t\t\t\t\t\t\t<input size=\"1\" type=\"text\" name=\"form_fields[name]\" id=\"form-field-name\" class=\"elementor-field elementor-size-sm  elementor-field-textual\" placeholder=\"Votre nom\">\n\t\t\t\t\t\t\t\t\t\t\t<\/div>\n\t\t\t\t\t\t\t\t<div class=\"elementor-field-type-email elementor-field-group elementor-column elementor-field-group-email elementor-col-100 elementor-field-required\">\n\t\t\t\t\t\t\t\t\t\t\t\t\t<input size=\"1\" type=\"email\" name=\"form_fields[email]\" id=\"form-field-email\" class=\"elementor-field elementor-size-sm  elementor-field-textual\" placeholder=\"Votre adresse mail\" required=\"required\">\n\t\t\t\t\t\t\t\t\t\t\t<\/div>\n\t\t\t\t\t\t\t\t<div class=\"elementor-field-type-textarea elementor-field-group elementor-column elementor-field-group-message elementor-col-100\">\n\t\t\t\t\t<textarea class=\"elementor-field-textual elementor-field  elementor-size-sm\" name=\"form_fields[message]\" id=\"form-field-message\" rows=\"4\" placeholder=\"Votre message\"><\/textarea>\t\t\t\t<\/div>\n\t\t\t\t\t\t\t\t<div class=\"elementor-field-type-recaptcha_v3 elementor-field-group elementor-column elementor-field-group-field_b94d03d elementor-col-100 recaptcha_v3-bottomright\">\n\t\t\t\t\t<div class=\"elementor-field\" id=\"form-field-field_b94d03d\"><div class=\"elementor-g-recaptcha\" data-sitekey=\"6Ld56VkpAAAAAHV68mgsM7mq9kLZQAZ8JIUIZHAV\" data-type=\"v3\" data-action=\"Form\" data-badge=\"bottomright\" data-size=\"invisible\"><\/div><\/div>\t\t\t\t<\/div>\n\t\t\t\t\t\t\t\t<div class=\"elementor-field-group elementor-column elementor-field-type-submit elementor-col-100 e-form__buttons\">\n\t\t\t\t\t<button class=\"elementor-button elementor-size-sm\" type=\"submit\">\n\t\t\t\t\t\t<span class=\"elementor-button-content-wrapper\">\n\t\t\t\t\t\t\t\t\t\t\t\t\t\t\t\t\t\t\t\t\t\t<span class=\"elementor-button-text\">Envoyer<\/span>\n\t\t\t\t\t\t\t\t\t\t\t\t\t<\/span>\n\t\t\t\t\t<\/button>\n\t\t\t\t<\/div>\n\t\t\t<\/div>\n\t\t<\/form>\n\t\t\t\t\t\t<\/div>\n\t\t\t\t<\/div>\n\t\t\t\t\t<\/div>\n\t\t\t\t<\/div>\n\t\t<div class=\"elementor-element elementor-element-8ed0097 e-con-full animated-slow e-flex elementor-invisible e-con e-parent\" data-id=\"8ed0097\" data-element_type=\"container\" data-settings=\"{&quot;animation&quot;:&quot;fadeIn&quot;}\">\n\t\t\t\t<div class=\"elementor-element elementor-element-cb94e63 elementor-widget elementor-widget-google_maps\" data-id=\"cb94e63\" data-element_type=\"widget\" data-widget_type=\"google_maps.default\">\n\t\t\t\t\t\t\t<div class=\"elementor-custom-embed\">\n\t\t\t<iframe loading=\"lazy\"\n\t\t\t\t\tsrc=\"https:\/\/maps.google.com\/maps?q=Daunou%20Op%C3%A9ra%2C%206%20Rue%20Daunou%2C%2075002%20Paris&#038;t=m&#038;z=14&#038;output=embed&#038;iwloc=near\"\n\t\t\t\t\ttitle=\"Daunou Op\u00e9ra, 6 Rue Daunou, 75002 Paris\"\n\t\t\t\t\taria-label=\"Daunou Op\u00e9ra, 6 Rue Daunou, 75002 Paris\"\n\t\t\t><\/iframe>\n\t\t<\/div>\n\t\t\t\t\t\t<\/div>\n\t\t\t\t<\/div>\n\t\t\t\t<\/div>\n\t\t","protected":false},"excerpt":{"rendered":"<p>Contactez-nous Notre \u00e9quipe est \u00e0 votre disposition pour r\u00e9pondre \u00e0 toutes vos questions et vous aider \u00e0 organiser votre s\u00e9jour. Contact H\u00f4tel Daunou Op\u00e9ra 6 rue Daunou 75002 Paris 00 33 1 42 61 57 82 contact@daunou-opera.com Formulaire de contact<\/p>\n","protected":false},"author":2,"featured_media":0,"parent":0,"menu_order":0,"comment_status":"closed","ping_status":"closed","template":"elementor_header_footer","meta":{"_seopress_robots_primary_cat":"","_seopress_titles_title":"Contact - Hotel Daunou Op\u00e9ra | Paris","_seopress_titles_desc":"Notre \u00e9quipe est \u00e0 votre disposition pour r\u00e9pondre \u00e0 toutes vos questions et vous aider \u00e0 organiser votre s\u00e9jour. Contact H\u00f4tel Daunou Op\u00e9ra 6 rue Daunou 75002 Paris 00 33","_seopress_robots_index":"","footnotes":""},"class_list":["post-2399","page","type-page","status-publish","hentry"],"_links":{"self":[{"href":"https:\/\/daunou-opera.com\/fr\/wp-json\/wp\/v2\/pages\/2399","targetHints":{"allow":["GET"]}}],"collection":[{"href":"https:\/\/daunou-opera.com\/fr\/wp-json\/wp\/v2\/pages"}],"about":[{"href":"https:\/\/daunou-opera.com\/fr\/wp-json\/wp\/v2\/types\/page"}],"author":[{"embeddable":true,"href":"https:\/\/daunou-opera.com\/fr\/wp-json\/wp\/v2\/users\/2"}],"replies":[{"embeddable":true,"href":"https:\/\/daunou-opera.com\/fr\/wp-json\/wp\/v2\/comments?post=2399"}],"version-history":[{"count":12,"href":"https:\/\/daunou-opera.com\/fr\/wp-json\/wp\/v2\/pages\/2399\/revisions"}],"predecessor-version":[{"id":3641,"href":"https:\/\/daunou-opera.com\/fr\/wp-json\/wp\/v2\/pages\/2399\/revisions\/3641"}],"wp:attachment":[{"href":"https:\/\/daunou-opera.com\/fr\/wp-json\/wp\/v2\/media?parent=2399"}],"curies":[{"name":"wp","href":"https:\/\/api.w.org\/{rel}","templated":true}]}}